{"id":255,"date":"2021-10-17T14:58:21","date_gmt":"2021-10-17T14:58:21","guid":{"rendered":"https:\/\/lis-levell.com\/?page_id=255"},"modified":"2026-04-08T10:29:24","modified_gmt":"2026-04-08T10:29:24","slug":"angebote","status":"publish","type":"page","link":"https:\/\/lis-levell.com\/?page_id=255","title":{"rendered":"Meine Programme"},"content":{"rendered":"<p>[et_pb_section fb_built=&#8220;1&#8243; custom_padding_last_edited=&#8220;off|phone&#8220; admin_label=&#8220;Header&#8220; _builder_version=&#8220;4.27.6&#8243; background_image=&#8220;https:\/\/lis-levell.com\/wp-content\/uploads\/2026\/04\/BG_Neu.jpg&#8220; custom_padding=&#8220;0vw||0vw||true|false&#8220; locked=&#8220;off&#8220; global_colors_info=&#8220;{}&#8220;][et_pb_row _builder_version=&#8220;4.16&#8243; global_colors_info=&#8220;{}&#8220;][et_pb_column type=&#8220;4_4&#8243; _builder_version=&#8220;4.16&#8243; global_colors_info=&#8220;{}&#8220;][et_pb_text _builder_version=&#8220;4.27.6&#8243; text_text_color=&#8220;rgba(255,255,255,0.5)&#8220; text_font_size=&#8220;16px&#8220; text_line_height=&#8220;1.8em&#8220; header_font=&#8220;|300||on|||||&#8220; header_font_size=&#8220;6vw&#8220; header_line_height=&#8220;1.2em&#8220; header_3_font=&#8220;|700||on|||||&#8220; header_3_text_color=&#8220;#FFFFFF&#8220; header_3_font_size=&#8220;16px&#8220; header_3_letter_spacing=&#8220;2px&#8220; header_3_line_height=&#8220;1.4em&#8220; background_layout=&#8220;dark&#8220; min_height=&#8220;324.1px&#8220; custom_padding=&#8220;0px|||||&#8220; header_3_font_size_tablet=&#8220;14px&#8220; header_3_font_size_phone=&#8220;&#8220; header_3_font_size_last_edited=&#8220;on|phone&#8220; text_text_align=&#8220;left&#8220; locked=&#8220;off&#8220; global_colors_info=&#8220;{}&#8220;]<\/p>\n<h1>Lesungen <strong>angebote<\/strong><\/h1>\n<h3>Von und mit Lis Levell<\/h3>\n<p>[\/et_pb_text][\/et_pb_column][\/et_pb_row][\/et_pb_section][et_pb_section fb_built=&#8220;1&#8243; _builder_version=&#8220;4.27.6&#8243; _module_preset=&#8220;default&#8220; background_color=&#8220;rgba(255,183,89,0.8)&#8220; locked=&#8220;off&#8220; global_colors_info=&#8220;{}&#8220;][et_pb_row _builder_version=&#8220;4.27.6&#8243; _module_preset=&#8220;default&#8220; hover_enabled=&#8220;0&#8243; global_colors_info=&#8220;{}&#8220; sticky_enabled=&#8220;0&#8243;][et_pb_column type=&#8220;4_4&#8243; _builder_version=&#8220;4.27.6&#8243; _module_preset=&#8220;default&#8220; global_colors_info=&#8220;{}&#8220;][et_pb_text _builder_version=&#8220;4.27.6&#8243; _module_preset=&#8220;7b2f9fa5-0823-45b3-9af3-b56242131bae&#8220; global_colors_info=&#8220;{}&#8220;]<\/p>\n<h1><span class=\"\"><b class=\"\">Mit &#8222;Seiten &amp; Saiten&#8220;<\/b><\/span><\/h1>\n<p><span class=\"\"><b class=\"\"><\/b><\/span><\/p>\n<p><span class=\"\" style=\"font-size: large;\">bringe ich meine Geschichten dorthin, wo sie am sch\u00f6nsten wirken: zu den Menschen, auf Ihre B\u00fchne \u2013 mitten ins Geschehen. Ob klassische Autorenlesung zu meinen Romanen oder ein individuell gestaltetes Programm f\u00fcr besondere Anl\u00e4sse \u2013 gemeinsam mit Jonny Blue entsteht ein Abend, der sich ganz nach Rahmen, Voraussetzungen und Publikum richtet.<\/span><\/p>\n<p data-start=\"543\" data-end=\"874\" class=\"\"><span class=\"\" style=\"font-size: large;\">F\u00fcr Vernissagen, Er\u00f6ffnungen oder genussvolle Abende wie Weinverkostungen stelle ich passende Kurzgeschichten zusammen \u2013 manchmal entsteht dabei sogar eine ganz neue Erz\u00e4hlung, genau f\u00fcr diesen einen Moment. Die Musik folgt dem Thema: von bekannten Liedern bis hin zu eigenen Songs, die den Texten eine zus\u00e4tzliche Stimme geben.<\/span><\/p>\n<p data-start=\"876\" data-end=\"1072\" class=\"\"><span class=\"\" style=\"font-size: large;\">Auch im Jahreskreis sind wir unterwegs \u2013 von Fasching bis Weihnachten, mal heiter, mal besinnlich, mal romantisch, oft mit einem Augenzwinkern. Wenn es passt, gesellen sich auch ausgew\u00e4hlte Fremdtexte dazu.<\/span><\/p>\n<div class=\"\"><span class=\"\" style=\"font-size: large;\">Eine professionelle Verst\u00e4rkeranlage haben wir im Gep\u00e4ck, Kontakte zu ausgezeichneten Musiker:innen (falls ein gr\u00f6\u00dferes Ensemble gefragt ist) sowieso, auf Wunsch entwerfen wir auch eine Plakatvorlage f\u00fcr Ihr Event.<\/span><\/div>\n<p data-start=\"1074\" data-end=\"1162\" class=\"\"><span class=\"\" style=\"font-size: large;\">Und das Sch\u00f6nste daran: Alles beginnt ganz unkompliziert \u2013 mit einer einzigen Anfrage.<br \/>Genau genommen: mit einem <a href=\"https:\/\/lis-levell.com\/?page_id=293\">Klick hier &gt;<\/a><\/span><\/p>\n<p>[\/et_pb_text][\/et_pb_column][\/et_pb_row][\/et_pb_section][et_pb_section fb_built=&#8220;1&#8243; admin_label=&#8220;Showtime&#8220; _builder_version=&#8220;4.27.6&#8243; background_color=&#8220;#000000&#8243; background_image=&#8220;https:\/\/lis-levell.com\/wp-content\/uploads\/2026\/04\/BG_Neu.jpg&#8220; custom_padding=&#8220;23px||10px|||&#8220; locked=&#8220;off&#8220; global_colors_info=&#8220;{}&#8220;][et_pb_row column_structure=&#8220;1_3,2_3&#8243; _builder_version=&#8220;4.27.4&#8243; _module_preset=&#8220;default&#8220; background_color=&#8220;rgba(63,63,63,0.61)&#8220; custom_margin=&#8220;10px||||false|false&#8220; custom_padding=&#8220;4px|10px||10px|false|false&#8220; border_radii=&#8220;on|10px|10px|10px|10px&#8220; global_colors_info=&#8220;{}&#8220;][et_pb_column type=&#8220;1_3&#8243; _builder_version=&#8220;4.16&#8243; _module_preset=&#8220;default&#8220; global_colors_info=&#8220;{}&#8220;][et_pb_image src=&#8220;https:\/\/lis-levell.com\/wp-content\/uploads\/2025\/09\/MiR-Lesung-Website-scaled.jpg&#8220; title_text=&#8220;MiR Lesung Website&#8220; _builder_version=&#8220;4.27.0&#8243; _module_preset=&#8220;default&#8220; max_height=&#8220;1000px&#8220; global_colors_info=&#8220;{}&#8220;][\/et_pb_image][\/et_pb_column][et_pb_column type=&#8220;2_3&#8243; _builder_version=&#8220;4.16&#8243; _module_preset=&#8220;default&#8220; global_colors_info=&#8220;{}&#8220;][et_pb_text _builder_version=&#8220;4.27.6&#8243; _module_preset=&#8220;d8b09ba7-554b-4904-92bd-19926534f382&#8243; header_3_text_color=&#8220;rgba(255,183,89,0.8)&#8220; global_colors_info=&#8220;{}&#8220;]<\/p>\n<h4>Autorenlesung zum Krimi<\/h4>\n<h3>\u201eMord im Rahmen\u201c<\/h3>\n<h5>kunstaffin-r\u00e4tselhaft<\/h5>\n<p>[\/et_pb_text][et_pb_text _builder_version=&#8220;4.27.0&#8243; _module_preset=&#8220;default&#8220; text_text_color=&#8220;#FFFFFF&#8220; text_font_size=&#8220;18px&#8220; global_colors_info=&#8220;{}&#8220;]<\/p>\n<p><strong>Dauer: 20 oder 60 Minuten<\/strong><\/p>\n<p>Flottes Programm rund um einen Toten in einer Galerie<\/p>\n<p class=\"p1\">Eckenspergers vierter Fall f\u00fchrt in eine Welt aus Kunstsinn, Eitelkeit, Gier und Selbstinszenierung. Zwischen gr\u00fcnem Tee, gebrochenen Herzen und den besten Debrezinern der Stadt entspinnt sich ein Fall, bei dem nichts zusammenpasst \u2013 bis am Ende doch alles ein Bild ergibt.<br \/>Eine kurzweilige Mischung aus Krimi und feinem Humor.<\/p>\n<p>An der Gitarre und div. Klangk\u00f6rpern: Jonny Blue<\/p>\n<p>[\/et_pb_text][\/et_pb_column][\/et_pb_row][et_pb_row column_structure=&#8220;1_4,3_4&#8243; _builder_version=&#8220;4.27.0&#8243; _module_preset=&#8220;default&#8220; background_color=&#8220;rgba(63,63,63,0.61)&#8220; custom_margin=&#8220;10px||||false|false&#8220; custom_padding=&#8220;27px|10px||10px|false|false&#8220; border_radii=&#8220;on|10px|10px|10px|10px&#8220; global_colors_info=&#8220;{}&#8220;][et_pb_column type=&#8220;1_4&#8243; _builder_version=&#8220;4.16&#8243; _module_preset=&#8220;default&#8220; global_colors_info=&#8220;{}&#8220;][et_pb_image src=&#8220;https:\/\/lis-levell.com\/wp-content\/uploads\/2021\/10\/Angebot-Lesung-MaK.jpg&#8220; title_text=&#8220;Angebot Lesung MaK&#8220; _builder_version=&#8220;4.27.4&#8243; _module_preset=&#8220;default&#8220; max_height=&#8220;1000px&#8220; global_colors_info=&#8220;{}&#8220;][\/et_pb_image][\/et_pb_column][et_pb_column type=&#8220;3_4&#8243; _builder_version=&#8220;4.16&#8243; _module_preset=&#8220;default&#8220; global_colors_info=&#8220;{}&#8220;][et_pb_text _builder_version=&#8220;4.27.4&#8243; _module_preset=&#8220;d8b09ba7-554b-4904-92bd-19926534f382&#8243; header_3_text_color=&#8220;rgba(255,183,89,0.8)&#8220; global_colors_info=&#8220;{}&#8220;]<\/p>\n<h4>Autorenlesung zum Roman<\/h4>\n<h3>\u201eMeine drei M\u00fctter und ich\u201c<\/h3>\n<h5>ber\u00fchrend-fr\u00f6hlich<\/h5>\n<p>[\/et_pb_text][et_pb_text _builder_version=&#8220;4.22.1&#8243; _module_preset=&#8220;default&#8220; text_text_color=&#8220;#FFFFFF&#8220; text_font_size=&#8220;18px&#8220; global_colors_info=&#8220;{}&#8220;]<\/p>\n<p><strong>Dauer: von 20 bis zu 2&#215;40 Minuten<\/strong><\/p>\n<p>Ein dynamisches Programm zum aktuellen Thema Patchworkfamilien<\/p>\n<p class=\"p1\">Franziska w\u00e4chst in einer reinen Frauen-WG auf. Eine Mutter kann schon Stress pur sein.<span class=\"Apple-converted-space\">\u00a0 <\/span>Aber drei! Das hat nat\u00fcrlich Auswirkungen auf das Repertoire von \u00adGute-Nacht-Geschichten, auf Ordnungs- und Erziehungsgrunds\u00e4tze, den Umgang mit Klatsch und Tratsch, den Umgang mit Krankheiten sowie Ratschl\u00e4ge bei Liebeskummer.<\/p>\n<p>Dazu thematisch passende Songs mit Gitarre: Jonny Blue<\/p>\n<p>[\/et_pb_text][\/et_pb_column][\/et_pb_row][et_pb_row column_structure=&#8220;1_3,2_3&#8243; _builder_version=&#8220;4.27.0&#8243; _module_preset=&#8220;default&#8220; background_color=&#8220;rgba(63,63,63,0.61)&#8220; custom_margin=&#8220;10px||||false|false&#8220; custom_padding=&#8220;27px|10px||10px|false|false&#8220; border_radii=&#8220;on|10px|10px|10px|10px&#8220; global_colors_info=&#8220;{}&#8220;][et_pb_column type=&#8220;1_3&#8243; _builder_version=&#8220;4.16&#8243; _module_preset=&#8220;default&#8220; global_colors_info=&#8220;{}&#8220;][et_pb_image src=&#8220;https:\/\/lis-levell.com\/wp-content\/uploads\/2025\/04\/Lis-Jonny-im-alten-Rahmen-kl.jpg&#8220; title_text=&#8220;Lis &#038; Jonny im alten Rahmen kl&#8220; _builder_version=&#8220;4.27.0&#8243; _module_preset=&#8220;default&#8220; max_height=&#8220;1000px&#8220; global_colors_info=&#8220;{}&#8220;][\/et_pb_image][\/et_pb_column][et_pb_column type=&#8220;2_3&#8243; _builder_version=&#8220;4.16&#8243; _module_preset=&#8220;default&#8220; global_colors_info=&#8220;{}&#8220;][et_pb_text _builder_version=&#8220;4.27.4&#8243; _module_preset=&#8220;d8b09ba7-554b-4904-92bd-19926534f382&#8243; header_3_text_color=&#8220;rgba(255,183,89,0.8)&#8220; global_colors_info=&#8220;{}&#8220;]<\/p>\n<h4>Autorenlesung<\/h4>\n<h3>\u201eSalonf\u00e4hig\u201c<\/h3>\n<h5>Esprit und Temperament der 1920er und 1930er<\/h5>\n<p>[\/et_pb_text][et_pb_text _builder_version=&#8220;4.22.1&#8243; _module_preset=&#8220;default&#8220; text_text_color=&#8220;#FFFFFF&#8220; text_font_size=&#8220;18px&#8220; global_colors_info=&#8220;{}&#8220;]<\/p>\n<p><strong>Dauer: von 20 bis zu 2&#215;45 Minuten<\/strong><\/p>\n<p>Eintauchen in die elegante Welt dieser lebensfrohen Zeit.<\/p>\n<p>Charmante, humorvolle und poetische Lis-Levell-Texte in Kombination mit musikalischen Klassikern zu Gitarre, Banjo und Ukulele von Jonny Blue.<br \/>Deutsch- und englischsprachige Ohrw\u00fcrmer wie Kannst du pfeifen Johanna, Lass mich dein Badewasser schl\u00fcrfen, Warum soll eine Frau kein Verh\u00e4ltnis haben, Somewhere Over The Rainbow, Ice Cream, Just A Gigolo laden zum Mitswingen und -singen ein.<\/p>\n<p>[\/et_pb_text][\/et_pb_column][\/et_pb_row][et_pb_row column_structure=&#8220;1_4,3_4&#8243; _builder_version=&#8220;4.27.0&#8243; _module_preset=&#8220;default&#8220; background_color=&#8220;rgba(63,63,63,0.61)&#8220; custom_margin=&#8220;10px||||false|false&#8220; custom_padding=&#8220;|10px||10px|false|false&#8220; border_radii=&#8220;on|10px|10px|10px|10px&#8220; global_colors_info=&#8220;{}&#8220;][et_pb_column type=&#8220;1_4&#8243; _builder_version=&#8220;4.16&#8243; _module_preset=&#8220;default&#8220; global_colors_info=&#8220;{}&#8220;][et_pb_image src=&#8220;https:\/\/lis-levell.com\/wp-content\/uploads\/2021\/10\/Angebot-Lesung-Fotografieren-mit-Worten.jpg&#8220; title_text=&#8220;Angebot Lesung Fotografieren mit Worten&#8220; _builder_version=&#8220;4.27.4&#8243; _module_preset=&#8220;default&#8220; global_colors_info=&#8220;{}&#8220;][\/et_pb_image][\/et_pb_column][et_pb_column type=&#8220;3_4&#8243; _builder_version=&#8220;4.16&#8243; _module_preset=&#8220;default&#8220; global_colors_info=&#8220;{}&#8220;][et_pb_text _builder_version=&#8220;4.27.4&#8243; _module_preset=&#8220;d8b09ba7-554b-4904-92bd-19926534f382&#8243; header_3_text_color=&#8220;rgba(255,183,89,0.8)&#8220; global_colors_info=&#8220;{}&#8220;]<\/p>\n<h4>Autorenlesung<\/h4>\n<h3>\u201eSzenen &amp; Songs\u201c<\/h3>\n<h5>individuell auf die Veranstaltung angepasst<\/h5>\n<p>[\/et_pb_text][et_pb_text _builder_version=&#8220;4.27.4&#8243; _module_preset=&#8220;default&#8220; text_text_color=&#8220;#FFFFFF&#8220; text_font_size=&#8220;18px&#8220; global_colors_info=&#8220;{}&#8220;]<\/p>\n<p><strong style=\"font-size: 18px;\">Dauer: <strong>von 20 bis zu 2&#215;60 Minuten<\/strong><\/strong><strong><\/strong><\/p>\n<p>Kurze, abwechslungsreiche Geschichten und Szenen aus dem Leben \u2013 erz\u00e4hlt mit dem gewissen Augenzwinkern. Dazwischen thematisch passende, deutsch- oder englischsprachige Songs aus der musikalischen Weltliteratur interpretiert von Jonny Blue.<br \/>Besonders geeignet f\u00fcr Lesungen auf Ausstellungen, Vernissagen oder Finissagen, bei Lokaler\u00f6ffnungen, Weinverkostungen &#8230;<\/p>\n<p>[\/et_pb_text][\/et_pb_column][\/et_pb_row][et_pb_row column_structure=&#8220;1_4,3_4&#8243; _builder_version=&#8220;4.27.0&#8243; _module_preset=&#8220;default&#8220; background_color=&#8220;rgba(63,63,63,0.61)&#8220; custom_margin=&#8220;10px||||false|false&#8220; custom_padding=&#8220;|10px||10px|false|false&#8220; border_radii=&#8220;on|10px|10px|10px|10px&#8220; global_colors_info=&#8220;{}&#8220;][et_pb_column type=&#8220;1_4&#8243; _builder_version=&#8220;4.16&#8243; _module_preset=&#8220;default&#8220; global_colors_info=&#8220;{}&#8220;][et_pb_image src=&#8220;https:\/\/lis-levell.com\/wp-content\/uploads\/2021\/10\/Angebot-Lesung-beziehungsweise.jpg&#8220; title_text=&#8220;Angebot Lesung beziehungsweise&#8220; _builder_version=&#8220;4.27.4&#8243; _module_preset=&#8220;default&#8220; global_colors_info=&#8220;{}&#8220;][\/et_pb_image][\/et_pb_column][et_pb_column type=&#8220;3_4&#8243; _builder_version=&#8220;4.16&#8243; _module_preset=&#8220;default&#8220; global_colors_info=&#8220;{}&#8220;][et_pb_text _builder_version=&#8220;4.27.4&#8243; _module_preset=&#8220;d8b09ba7-554b-4904-92bd-19926534f382&#8243; header_3_text_color=&#8220;rgba(255,183,89,0.8)&#8220; global_colors_info=&#8220;{}&#8220;]<\/p>\n<h4>Autorenlesung<\/h4>\n<h3>\u201eBeziehungsWeise beziehungsweise beziehungs-weise\u201c<\/h3>\n<h5>poetisch-vielf\u00e4ltig<\/h5>\n<p>[\/et_pb_text][et_pb_text _builder_version=&#8220;4.27.4&#8243; _module_preset=&#8220;default&#8220; text_text_color=&#8220;#FFFFFF&#8220; text_font_size=&#8220;18px&#8220; global_colors_info=&#8220;{}&#8220;]<\/p>\n<p><strong>Dauer: von 20 bis zu 2&#215;45 Minuten<br \/><\/strong><\/p>\n<p>Gedankenfragmente, Szenen, Kurzgeschichten und Musikst\u00fccke (Jonny Blue) greifen Beziehungsvolles auf, f\u00fcgen sich kaleidoskopartig in neuen Beziehungsmustern zusammen, nur um kurz darauf in anderer, kurzlebiger Gestalt zu erscheinen. Mystisch und vielf\u00e4ltig wie Beziehungen eben sind.<br \/>Textpassagen wechseln mit stimmigen Songs aus der Feder von Lis Levell und Jonny Blue ab.<\/p>\n<p>[\/et_pb_text][\/et_pb_column][\/et_pb_row][et_pb_row column_structure=&#8220;1_4,3_4&#8243; disabled_on=&#8220;off|off|off&#8220; _builder_version=&#8220;4.27.0&#8243; _module_preset=&#8220;default&#8220; background_color=&#8220;rgba(63,63,63,0.61)&#8220; custom_margin=&#8220;10px||||false|false&#8220; custom_padding=&#8220;|10px||10px|false|false&#8220; border_radii=&#8220;on|10px|10px|10px|10px&#8220; locked=&#8220;off&#8220; global_colors_info=&#8220;{}&#8220;][et_pb_column type=&#8220;1_4&#8243; _builder_version=&#8220;4.16&#8243; _module_preset=&#8220;default&#8220; global_colors_info=&#8220;{}&#8220;][et_pb_image src=&#8220;https:\/\/lis-levell.com\/wp-content\/uploads\/2022\/06\/Angebot-Lesung-FzD.jpg&#8220; title_text=&#8220;Angebot-Lesung-FzD&#8220; _builder_version=&#8220;4.27.4&#8243; _module_preset=&#8220;default&#8220; global_colors_info=&#8220;{}&#8220;][\/et_pb_image][\/et_pb_column][et_pb_column type=&#8220;3_4&#8243; _builder_version=&#8220;4.16&#8243; _module_preset=&#8220;default&#8220; global_colors_info=&#8220;{}&#8220;][et_pb_text _builder_version=&#8220;4.27.4&#8243; _module_preset=&#8220;d8b09ba7-554b-4904-92bd-19926534f382&#8243; header_3_text_color=&#8220;rgba(255,183,89,0.8)&#8220; global_colors_info=&#8220;{}&#8220;]<\/p>\n<h4>Weitere Lesungen<\/h4>\n<p>&nbsp;<\/p>\n<h3>Seiten &amp; Saiten \u2013 Text trifft Ton<\/h3>\n<h3>\u201eLis Levell liest aus ihren Feelgood- oder Kriminalromanen\u201c<\/h3>\n<h5>charmant-abwechslungsreich<\/h5>\n<p>[\/et_pb_text][et_pb_text _builder_version=&#8220;4.27.4&#8243; _module_preset=&#8220;default&#8220; text_text_color=&#8220;#FFFFFF&#8220; text_font_size=&#8220;18px&#8220; header_4_text_color=&#8220;#FFFFFF&#8220; header_4_font_size=&#8220;24px&#8220; global_colors_info=&#8220;{}&#8220;]<\/p>\n<p>Erste Reihe Achterbahn<br \/>vitamin.reich &amp; trink.fest<br \/>Freiheit zum Dessert<br \/>Meine drei M\u00fctter und ich<\/p>\n<p>Mord auf Krankenkasse<br \/>Mord als Zugabe<br \/>Mord im Rahmen<\/p>\n<p>An verschiedenen Saiteninstrumenten und in unterschiedlichen Rollen: Jonny BLUE<\/p>\n<p>[\/et_pb_text][\/et_pb_column][\/et_pb_row][\/et_pb_section]<\/p>\n","protected":false},"excerpt":{"rendered":"<p>Lesungen angebote Von und mit Lis LevellMit &#8222;Seiten &amp; Saiten&#8220; bringe ich meine Geschichten dorthin, wo sie am sch\u00f6nsten wirken: zu den Menschen, auf Ihre B\u00fchne \u2013 mitten ins Geschehen. Ob klassische Autorenlesung zu meinen Romanen oder ein individuell gestaltetes Programm f\u00fcr besondere Anl\u00e4sse \u2013 gemeinsam mit Jonny Blue entsteht ein Abend, der sich ganz [&hellip;]<\/p>\n","protected":false},"author":1,"featured_media":0,"parent":0,"menu_order":0,"comment_status":"closed","ping_status":"closed","template":"","meta":{"_et_pb_use_builder":"on","_et_pb_old_content":"","_et_gb_content_width":"","footnotes":""},"class_list":["post-255","page","type-page","status-publish","hentry"],"_links":{"self":[{"href":"https:\/\/lis-levell.com\/index.php?rest_route=\/wp\/v2\/pages\/255","targetHints":{"allow":["GET"]}}],"collection":[{"href":"https:\/\/lis-levell.com\/index.php?rest_route=\/wp\/v2\/pages"}],"about":[{"href":"https:\/\/lis-levell.com\/index.php?rest_route=\/wp\/v2\/types\/page"}],"author":[{"embeddable":true,"href":"https:\/\/lis-levell.com\/index.php?rest_route=\/wp\/v2\/users\/1"}],"replies":[{"embeddable":true,"href":"https:\/\/lis-levell.com\/index.php?rest_route=%2Fwp%2Fv2%2Fcomments&post=255"}],"version-history":[{"count":42,"href":"https:\/\/lis-levell.com\/index.php?rest_route=\/wp\/v2\/pages\/255\/revisions"}],"predecessor-version":[{"id":1430,"href":"https:\/\/lis-levell.com\/index.php?rest_route=\/wp\/v2\/pages\/255\/revisions\/1430"}],"wp:attachment":[{"href":"https:\/\/lis-levell.com\/index.php?rest_route=%2Fwp%2Fv2%2Fmedia&parent=255"}],"curies":[{"name":"wp","href":"https:\/\/api.w.org\/{rel}","templated":true}]}}