{"id":15,"date":"2021-09-29T20:20:18","date_gmt":"2021-09-29T20:20:18","guid":{"rendered":"https:\/\/lis-levell.com\/?page_id=15"},"modified":"2026-04-03T11:00:12","modified_gmt":"2026-04-03T11:00:12","slug":"15-2","status":"publish","type":"page","link":"https:\/\/lis-levell.com\/","title":{"rendered":"Willkommen"},"content":{"rendered":"<p>[et_pb_section fb_built=&#8220;1&#8243; admin_label=&#8220;Movie&#8220; _builder_version=&#8220;4.27.6&#8243; background_color=&#8220;#3a3a3a&#8220; background_image=&#8220;https:\/\/lis-levell.com\/wp-content\/uploads\/2026\/04\/BG_Neu.jpg&#8220; parallax=&#8220;on&#8220; locked=&#8220;off&#8220; global_colors_info=&#8220;{}&#8220;][et_pb_row column_structure=&#8220;2_5,3_5&#8243; _builder_version=&#8220;4.27.6&#8243; _module_preset=&#8220;default&#8220; global_colors_info=&#8220;{}&#8220;][et_pb_column type=&#8220;2_5&#8243; _builder_version=&#8220;4.27.6&#8243; _module_preset=&#8220;default&#8220; global_colors_info=&#8220;{}&#8220;][et_pb_image src=&#8220;https:\/\/lis-levell.com\/wp-content\/uploads\/2021\/10\/Lis-Portraet-quadrat.jpg&#8220; title_text=&#8220;Lis Portr\u00e4t quadrat&#8220; _builder_version=&#8220;4.16&#8243; _module_preset=&#8220;default&#8220; border_radii=&#8220;on|263px|263px|263px|263px&#8220; global_colors_info=&#8220;{}&#8220;][\/et_pb_image][et_pb_text _builder_version=&#8220;4.27.6&#8243; _module_preset=&#8220;default&#8220; text_font=&#8220;Dancing Script||||||||&#8220; text_text_color=&#8220;#FFFFFF&#8220; text_font_size=&#8220;40px&#8220; global_colors_info=&#8220;{}&#8220;]<\/p>\n<p style=\"text-align: left;\">Lis Levell<\/p>\n<p>[\/et_pb_text][\/et_pb_column][et_pb_column type=&#8220;3_5&#8243; _builder_version=&#8220;4.27.6&#8243; _module_preset=&#8220;default&#8220; global_colors_info=&#8220;{}&#8220;][et_pb_image src=&#8220;https:\/\/lis-levell.com\/wp-content\/uploads\/2026\/04\/Buchdeckel_transparent.png&#8220; title_text=&#8220;Buchdeckel_transparent&#8220; align=&#8220;right&#8220; _builder_version=&#8220;4.27.6&#8243; _module_preset=&#8220;default&#8220; global_colors_info=&#8220;{}&#8220;][\/et_pb_image][\/et_pb_column][\/et_pb_row][\/et_pb_section][et_pb_section fb_built=&#8220;1&#8243; admin_label=&#8220;Movie&#8220; _builder_version=&#8220;4.27.6&#8243; background_color=&#8220;rgba(255,183,89,0.81)&#8220; background_enable_image=&#8220;off&#8220; hover_enabled=&#8220;0&#8243; locked=&#8220;off&#8220; global_colors_info=&#8220;{}&#8220; sticky_enabled=&#8220;0&#8243;][et_pb_row _builder_version=&#8220;4.27.6&#8243; _module_preset=&#8220;default&#8220; global_colors_info=&#8220;{}&#8220;][et_pb_column type=&#8220;4_4&#8243; _builder_version=&#8220;4.27.6&#8243; _module_preset=&#8220;default&#8220; global_colors_info=&#8220;{}&#8220;][et_pb_text _builder_version=&#8220;4.27.6&#8243; _module_preset=&#8220;7b2f9fa5-0823-45b3-9af3-b56242131bae&#8220; global_colors_info=&#8220;{}&#8220;]<\/p>\n<h1 style=\"font-weight: 400;\"><strong>Willkommen \u2013 sch\u00f6n, dass du hier gelandet bist<\/strong><\/h1>\n<p>Ganz egal, ob absichtlich, zuf\u00e4llig oder mit einer unbestimmten Neugier im Gep\u00e4ck: Hier beginnt meine kleine Welt aus Ideen, Geschichten und <a href=\"https:\/\/lis-levell.com\/?page_id=255\">konkreten Vorhaben<\/a>.\u00a0<span>Und wie es sich f\u00fcr so eine Welt geh\u00f6rt, gibt es einiges zu entdecken.<\/span><\/p>\n<p><span><\/span><\/p>\n<h1><strong>Schreiben war schon immer meins\u00a0<\/strong><\/h1>\n<p>\u2013 vom Volksschulaufsatz mit Lobsternchen vom Direktor bis zur \u201eAutorin des Monats 2025\u201c. Manche Lebenstr\u00e4ume sind offenbar hartn\u00e4ckiger als andere und bestehen darauf, verwirklicht zu werden.<\/p>\n<p>Ich wache oft mit einem Kopf voller Ideen auf und gehe abends zufrieden schlafen, wenn wieder ein paar Seiten ihren Weg aufs Papier gefunden haben. Dazwischen passiert das eigentliche Wunder: Die besten Einf\u00e4lle kommen selten am Schreibtisch, sondern dann, wenn ich gerade nicht damit rechne \u2013 beim Joggen, an der Bushaltestelle oder zwischen Gem\u00fcseregal und Kassa. Pl\u00f6tzlich sind sie da: Plots, Protagonist:innen, halbe Dialoge. Sie melden sich lautstark und wollen dringend festgehalten werden.<\/p>\n<p>Und sie sind nicht gerade sch\u00fcchtern. Kaum haben sie Gestalt angenommen, entwickeln meine Figuren ein Eigenleben, treffen Entscheidungen ohne mich und sagen Dinge, bei denen ich kurz innehalte und denke: Aha, wirklich? Genau das macht f\u00fcr mich den Reiz aus \u2013 dieses leise Kippen, wenn aus einem Gedankenblitz eine Geschichte wird, die mich selbst \u00fcberrascht. Und manchmal bin ich fast zu langsam und komme mit dem Tippen gar nicht nach.<\/p>\n<p>Ich schreibe wohl auch aus einem ganz praktischen Grund: Irgendwo m\u00fcssen all diese Einf\u00e4lle ja hin. Rasch aufs Papier, noch lieber in ein Dokument in meinem Ideen-Ordner. Im Idealfall zwischen zwei Buchdeckel.<\/p>\n<p>&nbsp;<\/p>\n<h1>Begonnen hat alles mit Songtexten<\/h1>\n<p>\u2013 \u00fcber 200 auf Deutsch und Englisch, die gro\u00dfteils ver\u00f6ffentlicht wurden \u2013, bevor ich den l\u00e4ngeren Atem f\u00fcr Kurzgeschichten, ein Solo-Kabarettprogramm und Romane entdeckt habe. Was sie verbindet? Ein gewisser Sinn f\u00fcr die Leichtigkeit des Seins, ein Faible f\u00fcr pointierte Dialoge und Charaktere, die man besser nicht untersch\u00e4tzt.<\/p>\n<p>Und manchmal \u2013 wenn alles gut l\u00e4uft \u2013 beginnen sie sogar zu handeln, ohne dass ich sie darum bitten muss.<\/p>\n<p>[\/et_pb_text][\/et_pb_column][\/et_pb_row][et_pb_row _builder_version=&#8220;4.27.6&#8243; _module_preset=&#8220;default&#8220; global_colors_info=&#8220;{}&#8220;][et_pb_column type=&#8220;4_4&#8243; _builder_version=&#8220;4.27.6&#8243; _module_preset=&#8220;default&#8220; global_colors_info=&#8220;{}&#8220;][et_pb_image src=&#8220;https:\/\/lis-levell.com\/wp-content\/uploads\/2026\/04\/Lis-und-Jonny-Sofa_kleiner.jpg&#8220; title_text=&#8220;Lis und Jonny Sofa_kleiner&#8220; _builder_version=&#8220;4.27.6&#8243; _module_preset=&#8220;default&#8220; border_width_all=&#8220;4px&#8220; border_color_all=&#8220;#FFFFFF&#8220; box_shadow_style=&#8220;preset6&#8243; global_colors_info=&#8220;{}&#8220;][\/et_pb_image][\/et_pb_column][\/et_pb_row][et_pb_row _builder_version=&#8220;4.27.6&#8243; _module_preset=&#8220;default&#8220; global_colors_info=&#8220;{}&#8220;][et_pb_column type=&#8220;4_4&#8243; _builder_version=&#8220;4.27.6&#8243; _module_preset=&#8220;default&#8220; global_colors_info=&#8220;{}&#8220;][et_pb_text _builder_version=&#8220;4.27.6&#8243; _module_preset=&#8220;7b2f9fa5-0823-45b3-9af3-b56242131bae&#8220; global_colors_info=&#8220;{}&#8220;]<\/p>\n<h1>Von Innen nach Au\u00dfen<\/h1>\n<p>Dieser Prozess aus Fantasieren, Sinnieren und Feilen an Worten ist nur eine Seite der Medaille. Denn da schlummert noch eine zweite Seele in mir: diejenige, die nach Monaten voller Textarbeit, T\u00fcfteln und Lektorieren das Licht der \u00d6ffentlichkeit sucht.<\/p>\n<p>Dann werden meine Texte ein zweites Mal lebendig \u2013 diesmal f\u00fcr euch, die Au\u00dfenwelt. In meinem Kleinkunstformat <a href=\"https:\/\/lis-levell.com\/?page_id=58\"><strong><u>\u201e<\/u>Seiten &amp; Saiten\u201c<\/strong><\/a> verschmelzen Wort und Ton, Humor und Rhythmus. Gemeinsam mit meinem Musik- und Lebenspartner Jonny Blue holen wir die Geschichten aus der Schreibstube auf die B\u00fchne: Gesang, Kl\u00e4nge, Rollenvielfalt, Komik, ein selbst entwickeltes Script \u2013 ein bisschen Conference dazu, und fertig ist ein kurzweiliges Live-Erlebnis.<\/p>\n<p>Bei unseren \u201eLesungen mit Musik\u201c werden Texte nicht nur vorgelesen oder interpretiert, sie wollen gelebt, gef\u00fchlt, mitgesungen und gelacht werden.<\/p>\n<h1>Genug f\u00fcrs Erste<\/h1>\n<p>F\u00fchl dich frei, ganz stringent oder im Zick-Zack-Kurs, in einem Durchgang oder portionsweise, hellwach oder vertr\u00e4umt durch die Seiten meiner kleinen Welt zu gleiten, surfen, segeln, schippern, tanzen \u2013 oder dich einfach treiben zu lassen.<\/p>\n<h1 style=\"font-weight: 400;\"><\/h1>\n<h1 style=\"font-weight: 400;\">Lis<\/h1>\n<p>[\/et_pb_text][\/et_pb_column][\/et_pb_row][et_pb_row _builder_version=&#8220;4.27.6&#8243; _module_preset=&#8220;default&#8220; global_colors_info=&#8220;{}&#8220;][et_pb_column type=&#8220;4_4&#8243; _builder_version=&#8220;4.27.6&#8243; _module_preset=&#8220;default&#8220; global_colors_info=&#8220;{}&#8220;][et_pb_text _builder_version=&#8220;4.27.6&#8243; _module_preset=&#8220;7b2f9fa5-0823-45b3-9af3-b56242131bae&#8220; global_colors_info=&#8220;{}&#8220;]<\/p>\n<p><a href=\"https:\/\/lis-levell.com\/?page_id=1330\" title=\"Meine B\u00fccher\">Ohne Umwege zu meinen B\u00fcchern &gt;<\/a><\/p>\n<p>[\/et_pb_text][\/et_pb_column][\/et_pb_row][\/et_pb_section]<\/p>\n","protected":false},"excerpt":{"rendered":"<p>Lis LevellWillkommen \u2013 sch\u00f6n, dass du hier gelandet bist Ganz egal, ob absichtlich, zuf\u00e4llig oder mit einer unbestimmten Neugier im Gep\u00e4ck: Hier beginnt meine kleine Welt aus Ideen, Geschichten und konkreten Vorhaben.\u00a0Und wie es sich f\u00fcr so eine Welt geh\u00f6rt, gibt es einiges zu entdecken. Schreiben war schon immer meins\u00a0 \u2013 vom Volksschulaufsatz mit Lobsternchen [&hellip;]<\/p>\n","protected":false},"author":1,"featured_media":0,"parent":0,"menu_order":0,"comment_status":"closed","ping_status":"closed","template":"","meta":{"_et_pb_use_builder":"on","_et_pb_old_content":"","_et_gb_content_width":"","footnotes":""},"class_list":["post-15","page","type-page","status-publish","hentry"],"_links":{"self":[{"href":"https:\/\/lis-levell.com\/index.php?rest_route=\/wp\/v2\/pages\/15","targetHints":{"allow":["GET"]}}],"collection":[{"href":"https:\/\/lis-levell.com\/index.php?rest_route=\/wp\/v2\/pages"}],"about":[{"href":"https:\/\/lis-levell.com\/index.php?rest_route=\/wp\/v2\/types\/page"}],"author":[{"embeddable":true,"href":"https:\/\/lis-levell.com\/index.php?rest_route=\/wp\/v2\/users\/1"}],"replies":[{"embeddable":true,"href":"https:\/\/lis-levell.com\/index.php?rest_route=%2Fwp%2Fv2%2Fcomments&post=15"}],"version-history":[{"count":141,"href":"https:\/\/lis-levell.com\/index.php?rest_route=\/wp\/v2\/pages\/15\/revisions"}],"predecessor-version":[{"id":1423,"href":"https:\/\/lis-levell.com\/index.php?rest_route=\/wp\/v2\/pages\/15\/revisions\/1423"}],"wp:attachment":[{"href":"https:\/\/lis-levell.com\/index.php?rest_route=%2Fwp%2Fv2%2Fmedia&parent=15"}],"curies":[{"name":"wp","href":"https:\/\/api.w.org\/{rel}","templated":true}]}}